{"id":29,"date":"2026-02-18T07:37:56","date_gmt":"2026-02-18T07:37:56","guid":{"rendered":"https:\/\/dev.fantaisienoire.fr\/?page_id=29"},"modified":"2026-04-20T07:09:49","modified_gmt":"2026-04-20T07:09:49","slug":"accueil","status":"publish","type":"page","link":"https:\/\/fantaisienoire.fr\/","title":{"rendered":"Accueil"},"content":{"rendered":"\n<div class=\"wp-block-columns is-layout-flex wp-container-core-columns-is-layout-28f84493 wp-block-columns-is-layout-flex\">\n<div class=\"wp-block-column is-layout-flow wp-block-column-is-layout-flow\" style=\"flex-basis:100%\"><style>.wp-block-kadence-advancedgallery.kb-gallery-wrap-id-29_e0a2a5-d5{margin-top:var(--global-kb-spacing-md, 2rem);}.wp-block-kadence-advancedgallery .kb-gallery-type-masonry.kb-gallery-id-29_e0a2a5-d5{margin:-32.5px;}.kb-gallery-type-masonry.kb-gallery-id-29_e0a2a5-d5 .kadence-blocks-gallery-item{padding:32.5px;}<\/style><div class=\"kb-gallery-wrap-id-29_e0a2a5-d5 alignnone wp-block-kadence-advancedgallery\"><ul class=\"kb-gallery-ul kb-gallery-non-static kb-gallery-type-masonry kb-masonry-init kb-gallery-id-29_e0a2a5-d5 kb-gallery-caption-style-bottom-hover kb-gallery-filter-none\" data-image-filter=\"none\" data-item-selector=\".kadence-blocks-gallery-item\" data-lightbox-caption=\"true\" data-columns-xxl=\"3\" data-columns-xl=\"3\" data-columns-md=\"3\" data-columns-sm=\"2\" data-columns-xs=\"1\" data-columns-ss=\"1\"><li class=\"kadence-blocks-gallery-item\" tabindex=\"0\"><div class=\"kadence-blocks-gallery-item-inner\"><figure class=\"kb-gallery-figure kadence-blocks-gallery-item-hide-caption\"><div class=\"kb-gal-image-radius\" style=\"max-width:768px;\"><div class=\"kb-gallery-image-contain kadence-blocks-gallery-intrinsic\" style=\"padding-bottom:133%;\"><img loading=\"lazy\" decoding=\"async\" src=\"https:\/\/dev.fantaisienoire.fr\/wp-content\/uploads\/2026\/02\/caroline-martinet-_linogravure_tout-va-bien_2025-768x1024.jpg\" width=\"768\" height=\"1024\" alt=\"Linogravure \u00ab Tout va bien \u00bb repr\u00e9sentant des oiseaux morts retourn\u00e9s sur le dos, rehauss\u00e9e de feuille d\u2019or, par Fantaisie Noire\" data-full-image=\"https:\/\/dev.fantaisienoire.fr\/wp-content\/uploads\/2026\/02\/caroline-martinet-_linogravure_tout-va-bien_2025.jpg\" data-light-image=\"https:\/\/dev.fantaisienoire.fr\/wp-content\/uploads\/2026\/02\/caroline-martinet-_linogravure_tout-va-bien_2025.jpg\" data-id=\"32\" class=\"wp-image-32\" srcset=\"https:\/\/fantaisienoire.fr\/wp-content\/uploads\/2026\/02\/caroline-martinet-_linogravure_tout-va-bien_2025-768x1024.jpg 768w, https:\/\/fantaisienoire.fr\/wp-content\/uploads\/2026\/02\/caroline-martinet-_linogravure_tout-va-bien_2025-225x300.jpg 225w, https:\/\/fantaisienoire.fr\/wp-content\/uploads\/2026\/02\/caroline-martinet-_linogravure_tout-va-bien_2025-1152x1536.jpg 1152w, https:\/\/fantaisienoire.fr\/wp-content\/uploads\/2026\/02\/caroline-martinet-_linogravure_tout-va-bien_2025-1320x1760.jpg 1320w, https:\/\/fantaisienoire.fr\/wp-content\/uploads\/2026\/02\/caroline-martinet-_linogravure_tout-va-bien_2025.jpg 1500w\" sizes=\"auto, (max-width: 768px) 100vw, 768px\" \/><\/div><\/div><\/figure><\/div><\/li><li class=\"kadence-blocks-gallery-item\" tabindex=\"0\"><div class=\"kadence-blocks-gallery-item-inner\"><figure class=\"kb-gallery-figure kadence-blocks-gallery-item-hide-caption\"><div class=\"kb-gal-image-radius\" style=\"max-width:1500px;\"><div class=\"kb-gallery-image-contain kadence-blocks-gallery-intrinsic\" style=\"padding-bottom:133%;\"><img loading=\"lazy\" decoding=\"async\" src=\"http:\/\/dev.fantaisienoire.fr\/wp-content\/uploads\/2026\/02\/caroline-martinet-_Gravure-Sur-Peinture_skull-et-oxalis_2025.jpg\" width=\"1500\" height=\"2000\" alt=\"Peinture sur gravure Skull et oxalis, 2025\" data-full-image=\"http:\/\/dev.fantaisienoire.fr\/wp-content\/uploads\/2026\/02\/caroline-martinet-_Gravure-Sur-Peinture_skull-et-oxalis_2025.jpg\" data-light-image=\"http:\/\/dev.fantaisienoire.fr\/wp-content\/uploads\/2026\/02\/caroline-martinet-_Gravure-Sur-Peinture_skull-et-oxalis_2025.jpg\" data-id=\"44\" class=\"wp-image-44\" srcset=\"https:\/\/fantaisienoire.fr\/wp-content\/uploads\/2026\/02\/caroline-martinet-_Gravure-Sur-Peinture_skull-et-oxalis_2025.jpg 1500w, https:\/\/fantaisienoire.fr\/wp-content\/uploads\/2026\/02\/caroline-martinet-_Gravure-Sur-Peinture_skull-et-oxalis_2025-225x300.jpg 225w, https:\/\/fantaisienoire.fr\/wp-content\/uploads\/2026\/02\/caroline-martinet-_Gravure-Sur-Peinture_skull-et-oxalis_2025-768x1024.jpg 768w, https:\/\/fantaisienoire.fr\/wp-content\/uploads\/2026\/02\/caroline-martinet-_Gravure-Sur-Peinture_skull-et-oxalis_2025-1152x1536.jpg 1152w, https:\/\/fantaisienoire.fr\/wp-content\/uploads\/2026\/02\/caroline-martinet-_Gravure-Sur-Peinture_skull-et-oxalis_2025-1320x1760.jpg 1320w\" sizes=\"auto, (max-width: 1500px) 100vw, 1500px\" \/><\/div><\/div><\/figure><\/div><\/li><li class=\"kadence-blocks-gallery-item\" tabindex=\"0\"><div class=\"kadence-blocks-gallery-item-inner\"><figure class=\"kb-gallery-figure kadence-blocks-gallery-item-hide-caption\"><div class=\"kb-gal-image-radius\" style=\"max-width:1500px;\"><div class=\"kb-gallery-image-contain kadence-blocks-gallery-intrinsic\" style=\"padding-bottom:133%;\"><img loading=\"lazy\" decoding=\"async\" src=\"http:\/\/dev.fantaisienoire.fr\/wp-content\/uploads\/2026\/02\/caroline-martinet-_peinture-et-encre_oreille-du-coeur_2026.jpg\" width=\"1500\" height=\"2000\" alt=\"Peinture et encre Oreille du c\u0153ur, 2026\" data-full-image=\"http:\/\/dev.fantaisienoire.fr\/wp-content\/uploads\/2026\/02\/caroline-martinet-_peinture-et-encre_oreille-du-coeur_2026.jpg\" data-light-image=\"http:\/\/dev.fantaisienoire.fr\/wp-content\/uploads\/2026\/02\/caroline-martinet-_peinture-et-encre_oreille-du-coeur_2026.jpg\" data-id=\"33\" class=\"wp-image-33\" srcset=\"https:\/\/fantaisienoire.fr\/wp-content\/uploads\/2026\/02\/caroline-martinet-_peinture-et-encre_oreille-du-coeur_2026.jpg 1500w, https:\/\/fantaisienoire.fr\/wp-content\/uploads\/2026\/02\/caroline-martinet-_peinture-et-encre_oreille-du-coeur_2026-225x300.jpg 225w, https:\/\/fantaisienoire.fr\/wp-content\/uploads\/2026\/02\/caroline-martinet-_peinture-et-encre_oreille-du-coeur_2026-768x1024.jpg 768w, https:\/\/fantaisienoire.fr\/wp-content\/uploads\/2026\/02\/caroline-martinet-_peinture-et-encre_oreille-du-coeur_2026-1152x1536.jpg 1152w, https:\/\/fantaisienoire.fr\/wp-content\/uploads\/2026\/02\/caroline-martinet-_peinture-et-encre_oreille-du-coeur_2026-1320x1760.jpg 1320w\" sizes=\"auto, (max-width: 1500px) 100vw, 1500px\" \/><\/div><\/div><\/figure><\/div><\/li><\/ul><\/div><\/div>\n<\/div>\n","protected":false},"excerpt":{"rendered":"","protected":false},"author":1,"featured_media":0,"parent":0,"menu_order":0,"comment_status":"closed","ping_status":"closed","template":"","meta":{"_seopress_robots_primary_cat":"","_seopress_titles_title":"","_seopress_titles_desc":"","_seopress_robots_index":"","site-sidebar-layout":"default","site-content-layout":"","ast-site-content-layout":"default","site-content-style":"default","site-sidebar-style":"default","ast-global-header-display":"","ast-banner-title-visibility":"","ast-main-header-display":"","ast-hfb-above-header-display":"","ast-hfb-below-header-display":"","ast-hfb-mobile-header-display":"","site-post-title":"disabled","ast-breadcrumbs-content":"","ast-featured-img":"","footer-sml-layout":"","ast-disable-related-posts":"","theme-transparent-header-meta":"","adv-header-id-meta":"","stick-header-meta":"","header-above-stick-meta":"","header-main-stick-meta":"","header-below-stick-meta":"","astra-migrate-meta-layouts":"default","ast-page-background-enabled":"default","ast-page-background-meta":{"desktop":{"background-color":"var(--ast-global-color-5)","background-image":"","background-repeat":"repeat","background-position":"center center","background-size":"auto","background-attachment":"scroll","background-type":"","background-media":"","overlay-type":"","overlay-color":"","overlay-opacity":"","overlay-gradient":""},"tablet":{"background-color":"","background-image":"","background-repeat":"repeat","background-position":"center center","background-size":"auto","background-attachment":"scroll","background-type":"","background-media":"","overlay-type":"","overlay-color":"","overlay-opacity":"","overlay-gradient":""},"mobile":{"background-color":"","background-image":"","background-repeat":"repeat","background-position":"center center","background-size":"auto","background-attachment":"scroll","background-type":"","background-media":"","overlay-type":"","overlay-color":"","overlay-opacity":"","overlay-gradient":""}},"ast-content-background-meta":{"desktop":{"background-color":"var(--ast-global-color-4)","background-image":"","background-repeat":"repeat","background-position":"center center","background-size":"auto","background-attachment":"scroll","background-type":"","background-media":"","overlay-type":"","overlay-color":"","overlay-opacity":"","overlay-gradient":""},"tablet":{"background-color":"var(--ast-global-color-4)","background-image":"","background-repeat":"repeat","background-position":"center center","background-size":"auto","background-attachment":"scroll","background-type":"","background-media":"","overlay-type":"","overlay-color":"","overlay-opacity":"","overlay-gradient":""},"mobile":{"background-color":"var(--ast-global-color-4)","background-image":"","background-repeat":"repeat","background-position":"center center","background-size":"auto","background-attachment":"scroll","background-type":"","background-media":"","overlay-type":"","overlay-color":"","overlay-opacity":"","overlay-gradient":""}},"footnotes":""},"class_list":["post-29","page","type-page","status-publish","hentry"],"_links":{"self":[{"href":"https:\/\/fantaisienoire.fr\/index.php\/wp-json\/wp\/v2\/pages\/29","targetHints":{"allow":["GET"]}}],"collection":[{"href":"https:\/\/fantaisienoire.fr\/index.php\/wp-json\/wp\/v2\/pages"}],"about":[{"href":"https:\/\/fantaisienoire.fr\/index.php\/wp-json\/wp\/v2\/types\/page"}],"author":[{"embeddable":true,"href":"https:\/\/fantaisienoire.fr\/index.php\/wp-json\/wp\/v2\/users\/1"}],"replies":[{"embeddable":true,"href":"https:\/\/fantaisienoire.fr\/index.php\/wp-json\/wp\/v2\/comments?post=29"}],"version-history":[{"count":9,"href":"https:\/\/fantaisienoire.fr\/index.php\/wp-json\/wp\/v2\/pages\/29\/revisions"}],"predecessor-version":[{"id":131,"href":"https:\/\/fantaisienoire.fr\/index.php\/wp-json\/wp\/v2\/pages\/29\/revisions\/131"}],"wp:attachment":[{"href":"https:\/\/fantaisienoire.fr\/index.php\/wp-json\/wp\/v2\/media?parent=29"}],"curies":[{"name":"wp","href":"https:\/\/api.w.org\/{rel}","templated":true}]}}