{"id":23,"date":"2026-02-18T07:36:25","date_gmt":"2026-02-18T07:36:25","guid":{"rendered":"https:\/\/dev.fantaisienoire.fr\/?page_id=23"},"modified":"2026-02-20T09:02:47","modified_gmt":"2026-02-20T09:02:47","slug":"bio","status":"publish","type":"page","link":"https:\/\/fantaisienoire.fr\/index.php\/bio\/","title":{"rendered":"Bio"},"content":{"rendered":"\n<div class=\"wp-block-media-text has-media-on-the-right is-stacked-on-mobile\" style=\"grid-template-columns:auto 33%\"><div class=\"wp-block-media-text__content\">\n<p>Mon univers m\u00eale gravure, dessin et encre, avec une approche sensible, engag\u00e9e et parfois l\u00e9g\u00e8rement piquante.<\/p>\n\n\n\n<p>Autodidacte, je d\u00e9veloppe une pratique artisanale nourrie par mes \u00e9tudes en histoire de l\u2019art.<\/p>\n\n\n\n<p>Mon travail est influenc\u00e9 par les croyances pass\u00e9es, l\u2019architecture, l\u2019art nouveau, ainsi que par la place de la femme \u00e0 travers les \u00e9poques.<\/p>\n\n\n\n<p>La nature qui nous entoure et les enjeux qui la traversent occupent \u00e9galement une place centrale dans mes images.<\/p>\n\n\n\n<p>Install\u00e9e dans les Landes, entre Vieux-Boucau et Hossegor.<\/p>\n<\/div><figure class=\"wp-block-media-text__media\"><img alt=\"caroline martinet assise sur un canap\u00e9 regarde le photographe\" loading=\"lazy\" decoding=\"async\" width=\"1024\" height=\"1024\" src=\"https:\/\/dev.fantaisienoire.fr\/wp-content\/uploads\/2026\/02\/caroline-martinet-bio-portrait-fantaisienoire-1-1024x1024.jpg\" alt=\"\" class=\"wp-image-109 size-full\" srcset=\"https:\/\/fantaisienoire.fr\/wp-content\/uploads\/2026\/02\/caroline-martinet-bio-portrait-fantaisienoire-1-1024x1024.jpg 1024w, https:\/\/fantaisienoire.fr\/wp-content\/uploads\/2026\/02\/caroline-martinet-bio-portrait-fantaisienoire-1-300x300.jpg 300w, https:\/\/fantaisienoire.fr\/wp-content\/uploads\/2026\/02\/caroline-martinet-bio-portrait-fantaisienoire-1-150x150.jpg 150w, https:\/\/fantaisienoire.fr\/wp-content\/uploads\/2026\/02\/caroline-martinet-bio-portrait-fantaisienoire-1-768x768.jpg 768w, https:\/\/fantaisienoire.fr\/wp-content\/uploads\/2026\/02\/caroline-martinet-bio-portrait-fantaisienoire-1-1536x1536.jpg 1536w, https:\/\/fantaisienoire.fr\/wp-content\/uploads\/2026\/02\/caroline-martinet-bio-portrait-fantaisienoire-1-1320x1320.jpg 1320w, https:\/\/fantaisienoire.fr\/wp-content\/uploads\/2026\/02\/caroline-martinet-bio-portrait-fantaisienoire-1.jpg 2000w\" sizes=\"auto, (max-width: 1024px) 100vw, 1024px\" \/><\/figure><\/div>\n","protected":false},"excerpt":{"rendered":"<p>Mon univers m\u00eale gravure, dessin et encre, avec une approche sensible, engag\u00e9e et parfois l\u00e9g\u00e8rement piquante. Autodidacte, je d\u00e9veloppe une [&hellip;]<\/p>\n","protected":false},"author":1,"featured_media":0,"parent":0,"menu_order":0,"comment_status":"closed","ping_status":"closed","template":"","meta":{"_seopress_robots_primary_cat":"","_seopress_titles_title":"","_seopress_titles_desc":"","_seopress_robots_index":"","site-sidebar-layout":"default","site-content-layout":"","ast-site-content-layout":"default","site-content-style":"default","site-sidebar-style":"default","ast-global-header-display":"","ast-banner-title-visibility":"","ast-main-header-display":"","ast-hfb-above-header-display":"","ast-hfb-below-header-display":"","ast-hfb-mobile-header-display":"","site-post-title":"","ast-breadcrumbs-content":"","ast-featured-img":"","footer-sml-layout":"","ast-disable-related-posts":"","theme-transparent-header-meta":"","adv-header-id-meta":"","stick-header-meta":"","header-above-stick-meta":"","header-main-stick-meta":"","header-below-stick-meta":"","astra-migrate-meta-layouts":"default","ast-page-background-enabled":"default","ast-page-background-meta":{"desktop":{"background-color":"var(--ast-global-color-5)","background-image":"","background-repeat":"repeat","background-position":"center center","background-size":"auto","background-attachment":"scroll","background-type":"","background-media":"","overlay-type":"","overlay-color":"","overlay-opacity":"","overlay-gradient":""},"tablet":{"background-color":"","background-image":"","background-repeat":"repeat","background-position":"center center","background-size":"auto","background-attachment":"scroll","background-type":"","background-media":"","overlay-type":"","overlay-color":"","overlay-opacity":"","overlay-gradient":""},"mobile":{"background-color":"","background-image":"","background-repeat":"repeat","background-position":"center center","background-size":"auto","background-attachment":"scroll","background-type":"","background-media":"","overlay-type":"","overlay-color":"","overlay-opacity":"","overlay-gradient":""}},"ast-content-background-meta":{"desktop":{"background-color":"var(--ast-global-color-4)","background-image":"","background-repeat":"repeat","background-position":"center center","background-size":"auto","background-attachment":"scroll","background-type":"","background-media":"","overlay-type":"","overlay-color":"","overlay-opacity":"","overlay-gradient":""},"tablet":{"background-color":"var(--ast-global-color-4)","background-image":"","background-repeat":"repeat","background-position":"center center","background-size":"auto","background-attachment":"scroll","background-type":"","background-media":"","overlay-type":"","overlay-color":"","overlay-opacity":"","overlay-gradient":""},"mobile":{"background-color":"var(--ast-global-color-4)","background-image":"","background-repeat":"repeat","background-position":"center center","background-size":"auto","background-attachment":"scroll","background-type":"","background-media":"","overlay-type":"","overlay-color":"","overlay-opacity":"","overlay-gradient":""}},"footnotes":""},"class_list":["post-23","page","type-page","status-publish","hentry"],"_links":{"self":[{"href":"https:\/\/fantaisienoire.fr\/index.php\/wp-json\/wp\/v2\/pages\/23","targetHints":{"allow":["GET"]}}],"collection":[{"href":"https:\/\/fantaisienoire.fr\/index.php\/wp-json\/wp\/v2\/pages"}],"about":[{"href":"https:\/\/fantaisienoire.fr\/index.php\/wp-json\/wp\/v2\/types\/page"}],"author":[{"embeddable":true,"href":"https:\/\/fantaisienoire.fr\/index.php\/wp-json\/wp\/v2\/users\/1"}],"replies":[{"embeddable":true,"href":"https:\/\/fantaisienoire.fr\/index.php\/wp-json\/wp\/v2\/comments?post=23"}],"version-history":[{"count":6,"href":"https:\/\/fantaisienoire.fr\/index.php\/wp-json\/wp\/v2\/pages\/23\/revisions"}],"predecessor-version":[{"id":114,"href":"https:\/\/fantaisienoire.fr\/index.php\/wp-json\/wp\/v2\/pages\/23\/revisions\/114"}],"wp:attachment":[{"href":"https:\/\/fantaisienoire.fr\/index.php\/wp-json\/wp\/v2\/media?parent=23"}],"curies":[{"name":"wp","href":"https:\/\/api.w.org\/{rel}","templated":true}]}}