{"id":20,"date":"2026-02-18T07:36:25","date_gmt":"2026-02-18T07:36:25","guid":{"rendered":"https:\/\/dev.fantaisienoire.fr\/?page_id=20"},"modified":"2026-04-20T07:20:22","modified_gmt":"2026-04-20T07:20:22","slug":"ateliers","status":"publish","type":"page","link":"https:\/\/fantaisienoire.fr\/index.php\/ateliers\/","title":{"rendered":"Ateliers"},"content":{"rendered":"\n<p>Je propose des ateliers de linogravure et de gravure sur peinture, accessibles \u00e0 tous niveaux.<br>J\u2019y transmets le plaisir de faire avec ses mains, la concentration du geste, et la satisfaction de voir une image appara\u00eetre, lentement.<\/p>\n\n\n\n<p>Les ateliers se r\u00e9servent via la plateforme <a href=\"https:\/\/wecandoo.fr\/artisan\/bordeaux-graveuse-caroline#associated-workshops\" target=\"_blank\" rel=\"noreferrer noopener nofollow\">WECANDOO<\/a> ou en direct avec moi \ud83d\ude42<\/p>\n\n\n<style>.wp-block-kadence-advancedgallery .kb-gallery-type-masonry.kb-gallery-id-20_cfe5a2-52{margin:-19.5px;}.kb-gallery-type-masonry.kb-gallery-id-20_cfe5a2-52 .kadence-blocks-gallery-item{padding:19.5px;}.kb-gallery-id-20_cfe5a2-52 .kadence-blocks-gallery-item .kb-gal-image-radius, .kb-gallery-id-20_cfe5a2-52 .kb-slide-item .kb-gal-image-radius img{border-radius:0px 0px 0px 0px;;}<\/style><div class=\"kb-gallery-wrap-id-20_cfe5a2-52 alignnone wp-block-kadence-advancedgallery\"><ul class=\"kb-gallery-ul kb-gallery-non-static kb-gallery-type-masonry kb-masonry-init kb-gallery-id-20_cfe5a2-52 kb-gallery-caption-style-bottom-hover kb-gallery-filter-none\" data-image-filter=\"none\" data-item-selector=\".kadence-blocks-gallery-item\" data-lightbox-caption=\"true\" data-columns-xxl=\"2\" data-columns-xl=\"2\" data-columns-md=\"2\" data-columns-sm=\"2\" data-columns-xs=\"1\" data-columns-ss=\"1\"><li class=\"kadence-blocks-gallery-item\" tabindex=\"0\"><div class=\"kadence-blocks-gallery-item-inner\"><figure class=\"kb-gallery-figure kadence-blocks-gallery-item-hide-caption\"><div class=\"kb-gal-image-radius\" style=\"max-width:1024px;\"><div class=\"kb-gallery-image-contain kadence-blocks-gallery-intrinsic\" style=\"padding-bottom:75%;\"><img loading=\"lazy\" decoding=\"async\" src=\"http:\/\/dev.fantaisienoire.fr\/wp-content\/uploads\/2026\/02\/caroline-martinet-atelier-creatif-2-1024x768.jpg\" width=\"1024\" height=\"768\" alt=\"L&#039;artiste \u00e9change avec des participants lors d&#039;un atelier linogravure \u00e0 Hossegor\" data-full-image=\"http:\/\/dev.fantaisienoire.fr\/wp-content\/uploads\/2026\/02\/caroline-martinet-atelier-creatif-2.jpg\" data-light-image=\"http:\/\/dev.fantaisienoire.fr\/wp-content\/uploads\/2026\/02\/caroline-martinet-atelier-creatif-2.jpg\" data-id=\"115\" class=\"wp-image-115\" srcset=\"https:\/\/fantaisienoire.fr\/wp-content\/uploads\/2026\/02\/caroline-martinet-atelier-creatif-2-1024x768.jpg 1024w, https:\/\/fantaisienoire.fr\/wp-content\/uploads\/2026\/02\/caroline-martinet-atelier-creatif-2-300x225.jpg 300w, https:\/\/fantaisienoire.fr\/wp-content\/uploads\/2026\/02\/caroline-martinet-atelier-creatif-2-768x576.jpg 768w, https:\/\/fantaisienoire.fr\/wp-content\/uploads\/2026\/02\/caroline-martinet-atelier-creatif-2-1536x1152.jpg 1536w, https:\/\/fantaisienoire.fr\/wp-content\/uploads\/2026\/02\/caroline-martinet-atelier-creatif-2-1320x990.jpg 1320w, https:\/\/fantaisienoire.fr\/wp-content\/uploads\/2026\/02\/caroline-martinet-atelier-creatif-2.jpg 2000w\" sizes=\"auto, (max-width: 1024px) 100vw, 1024px\" \/><\/div><\/div><\/figure><\/div><\/li><li class=\"kadence-blocks-gallery-item\" tabindex=\"0\"><div class=\"kadence-blocks-gallery-item-inner\"><figure class=\"kb-gallery-figure kadence-blocks-gallery-item-hide-caption\"><div class=\"kb-gal-image-radius\" style=\"max-width:1024px;\"><div class=\"kb-gallery-image-contain kadence-blocks-gallery-intrinsic\" style=\"padding-bottom:66%;\"><img loading=\"lazy\" decoding=\"async\" src=\"http:\/\/dev.fantaisienoire.fr\/wp-content\/uploads\/2026\/02\/caroline-martinet-atelier-creatif-4-1024x683.jpg\" width=\"1024\" height=\"683\" alt=\"Impression d&#039;une linogravure \u00e0 la presse manuelle, fantaisie noire accompagnant une stagiaire pendant l&#039;atelier\" data-full-image=\"http:\/\/dev.fantaisienoire.fr\/wp-content\/uploads\/2026\/02\/caroline-martinet-atelier-creatif-4.jpg\" data-light-image=\"http:\/\/dev.fantaisienoire.fr\/wp-content\/uploads\/2026\/02\/caroline-martinet-atelier-creatif-4.jpg\" data-id=\"117\" class=\"wp-image-117\" srcset=\"https:\/\/fantaisienoire.fr\/wp-content\/uploads\/2026\/02\/caroline-martinet-atelier-creatif-4-1024x683.jpg 1024w, https:\/\/fantaisienoire.fr\/wp-content\/uploads\/2026\/02\/caroline-martinet-atelier-creatif-4-300x200.jpg 300w, https:\/\/fantaisienoire.fr\/wp-content\/uploads\/2026\/02\/caroline-martinet-atelier-creatif-4-768x512.jpg 768w, https:\/\/fantaisienoire.fr\/wp-content\/uploads\/2026\/02\/caroline-martinet-atelier-creatif-4-1536x1025.jpg 1536w, https:\/\/fantaisienoire.fr\/wp-content\/uploads\/2026\/02\/caroline-martinet-atelier-creatif-4-1320x880.jpg 1320w, https:\/\/fantaisienoire.fr\/wp-content\/uploads\/2026\/02\/caroline-martinet-atelier-creatif-4.jpg 2000w\" sizes=\"auto, (max-width: 1024px) 100vw, 1024px\" \/><\/div><\/div><\/figure><\/div><\/li><li class=\"kadence-blocks-gallery-item\" tabindex=\"0\"><div class=\"kadence-blocks-gallery-item-inner\"><figure class=\"kb-gallery-figure kadence-blocks-gallery-item-hide-caption\"><div class=\"kb-gal-image-radius\" style=\"max-width:1024px;\"><div class=\"kb-gallery-image-contain kadence-blocks-gallery-intrinsic\" style=\"padding-bottom:75%;\"><img loading=\"lazy\" decoding=\"async\" src=\"http:\/\/dev.fantaisienoire.fr\/wp-content\/uploads\/2026\/02\/caroline-martinet-atelier-creatif-3-1024x768.jpg\" width=\"1024\" height=\"768\" alt=\"Atelier de linogravure en cours, participants concentr\u00e9s sur la gravure de leurs plaques\" data-full-image=\"http:\/\/dev.fantaisienoire.fr\/wp-content\/uploads\/2026\/02\/caroline-martinet-atelier-creatif-3.jpg\" data-light-image=\"http:\/\/dev.fantaisienoire.fr\/wp-content\/uploads\/2026\/02\/caroline-martinet-atelier-creatif-3.jpg\" data-id=\"116\" class=\"wp-image-116\" srcset=\"https:\/\/fantaisienoire.fr\/wp-content\/uploads\/2026\/02\/caroline-martinet-atelier-creatif-3-1024x768.jpg 1024w, https:\/\/fantaisienoire.fr\/wp-content\/uploads\/2026\/02\/caroline-martinet-atelier-creatif-3-300x225.jpg 300w, https:\/\/fantaisienoire.fr\/wp-content\/uploads\/2026\/02\/caroline-martinet-atelier-creatif-3-768x576.jpg 768w, https:\/\/fantaisienoire.fr\/wp-content\/uploads\/2026\/02\/caroline-martinet-atelier-creatif-3-1536x1152.jpg 1536w, https:\/\/fantaisienoire.fr\/wp-content\/uploads\/2026\/02\/caroline-martinet-atelier-creatif-3-1320x990.jpg 1320w, https:\/\/fantaisienoire.fr\/wp-content\/uploads\/2026\/02\/caroline-martinet-atelier-creatif-3.jpg 2000w\" sizes=\"auto, (max-width: 1024px) 100vw, 1024px\" \/><\/div><\/div><\/figure><\/div><\/li><li class=\"kadence-blocks-gallery-item\" tabindex=\"0\"><div class=\"kadence-blocks-gallery-item-inner\"><figure class=\"kb-gallery-figure kadence-blocks-gallery-item-hide-caption\"><div class=\"kb-gal-image-radius\" style=\"max-width:1024px;\"><div class=\"kb-gallery-image-contain kadence-blocks-gallery-intrinsic\" style=\"padding-bottom:66%;\"><img loading=\"lazy\" decoding=\"async\" src=\"http:\/\/dev.fantaisienoire.fr\/wp-content\/uploads\/2026\/02\/caroline-martinet-atelier-creatif-5-1024x683.jpg\" width=\"1024\" height=\"683\" alt=\"Atelier de gravure sur peinture, moment de travail et d&#039;\u00e9change autour des supports \u00e0 grav\u00e9s\" data-full-image=\"http:\/\/dev.fantaisienoire.fr\/wp-content\/uploads\/2026\/02\/caroline-martinet-atelier-creatif-5.jpg\" data-light-image=\"http:\/\/dev.fantaisienoire.fr\/wp-content\/uploads\/2026\/02\/caroline-martinet-atelier-creatif-5.jpg\" data-id=\"118\" class=\"wp-image-118\" srcset=\"https:\/\/fantaisienoire.fr\/wp-content\/uploads\/2026\/02\/caroline-martinet-atelier-creatif-5-1024x683.jpg 1024w, https:\/\/fantaisienoire.fr\/wp-content\/uploads\/2026\/02\/caroline-martinet-atelier-creatif-5-300x200.jpg 300w, https:\/\/fantaisienoire.fr\/wp-content\/uploads\/2026\/02\/caroline-martinet-atelier-creatif-5-768x512.jpg 768w, https:\/\/fantaisienoire.fr\/wp-content\/uploads\/2026\/02\/caroline-martinet-atelier-creatif-5-1536x1025.jpg 1536w, https:\/\/fantaisienoire.fr\/wp-content\/uploads\/2026\/02\/caroline-martinet-atelier-creatif-5-1320x880.jpg 1320w, https:\/\/fantaisienoire.fr\/wp-content\/uploads\/2026\/02\/caroline-martinet-atelier-creatif-5.jpg 2000w\" sizes=\"auto, (max-width: 1024px) 100vw, 1024px\" \/><\/div><\/div><\/figure><\/div><\/li><\/ul><\/div>","protected":false},"excerpt":{"rendered":"<p>Je propose des ateliers de linogravure et de gravure sur peinture, accessibles \u00e0 tous niveaux.J\u2019y transmets le plaisir de faire [&hellip;]<\/p>\n","protected":false},"author":1,"featured_media":0,"parent":0,"menu_order":0,"comment_status":"closed","ping_status":"closed","template":"","meta":{"_seopress_robots_primary_cat":"","_seopress_titles_title":"","_seopress_titles_desc":"","_seopress_robots_index":"","site-sidebar-layout":"default","site-content-layout":"","ast-site-content-layout":"default","site-content-style":"default","site-sidebar-style":"default","ast-global-header-display":"","ast-banner-title-visibility":"","ast-main-header-display":"","ast-hfb-above-header-display":"","ast-hfb-below-header-display":"","ast-hfb-mobile-header-display":"","site-post-title":"","ast-breadcrumbs-content":"","ast-featured-img":"","footer-sml-layout":"","ast-disable-related-posts":"","theme-transparent-header-meta":"","adv-header-id-meta":"","stick-header-meta":"","header-above-stick-meta":"","header-main-stick-meta":"","header-below-stick-meta":"","astra-migrate-meta-layouts":"default","ast-page-background-enabled":"default","ast-page-background-meta":{"desktop":{"background-color":"var(--ast-global-color-5)","background-image":"","background-repeat":"repeat","background-position":"center center","background-size":"auto","background-attachment":"scroll","background-type":"","background-media":"","overlay-type":"","overlay-color":"","overlay-opacity":"","overlay-gradient":""},"tablet":{"background-color":"","background-image":"","background-repeat":"repeat","background-position":"center center","background-size":"auto","background-attachment":"scroll","background-type":"","background-media":"","overlay-type":"","overlay-color":"","overlay-opacity":"","overlay-gradient":""},"mobile":{"background-color":"","background-image":"","background-repeat":"repeat","background-position":"center center","background-size":"auto","background-attachment":"scroll","background-type":"","background-media":"","overlay-type":"","overlay-color":"","overlay-opacity":"","overlay-gradient":""}},"ast-content-background-meta":{"desktop":{"background-color":"var(--ast-global-color-4)","background-image":"","background-repeat":"repeat","background-position":"center center","background-size":"auto","background-attachment":"scroll","background-type":"","background-media":"","overlay-type":"","overlay-color":"","overlay-opacity":"","overlay-gradient":""},"tablet":{"background-color":"var(--ast-global-color-4)","background-image":"","background-repeat":"repeat","background-position":"center center","background-size":"auto","background-attachment":"scroll","background-type":"","background-media":"","overlay-type":"","overlay-color":"","overlay-opacity":"","overlay-gradient":""},"mobile":{"background-color":"var(--ast-global-color-4)","background-image":"","background-repeat":"repeat","background-position":"center center","background-size":"auto","background-attachment":"scroll","background-type":"","background-media":"","overlay-type":"","overlay-color":"","overlay-opacity":"","overlay-gradient":""}},"footnotes":""},"class_list":["post-20","page","type-page","status-publish","hentry"],"_links":{"self":[{"href":"https:\/\/fantaisienoire.fr\/index.php\/wp-json\/wp\/v2\/pages\/20","targetHints":{"allow":["GET"]}}],"collection":[{"href":"https:\/\/fantaisienoire.fr\/index.php\/wp-json\/wp\/v2\/pages"}],"about":[{"href":"https:\/\/fantaisienoire.fr\/index.php\/wp-json\/wp\/v2\/types\/page"}],"author":[{"embeddable":true,"href":"https:\/\/fantaisienoire.fr\/index.php\/wp-json\/wp\/v2\/users\/1"}],"replies":[{"embeddable":true,"href":"https:\/\/fantaisienoire.fr\/index.php\/wp-json\/wp\/v2\/comments?post=20"}],"version-history":[{"count":7,"href":"https:\/\/fantaisienoire.fr\/index.php\/wp-json\/wp\/v2\/pages\/20\/revisions"}],"predecessor-version":[{"id":138,"href":"https:\/\/fantaisienoire.fr\/index.php\/wp-json\/wp\/v2\/pages\/20\/revisions\/138"}],"wp:attachment":[{"href":"https:\/\/fantaisienoire.fr\/index.php\/wp-json\/wp\/v2\/media?parent=20"}],"curies":[{"name":"wp","href":"https:\/\/api.w.org\/{rel}","templated":true}]}}