{"id":14,"date":"2026-02-18T07:37:04","date_gmt":"2026-02-18T07:37:04","guid":{"rendered":"https:\/\/dev.fantaisienoire.fr\/?page_id=14"},"modified":"2026-04-21T06:43:04","modified_gmt":"2026-04-21T06:43:04","slug":"tattoos","status":"publish","type":"page","link":"https:\/\/fantaisienoire.fr\/index.php\/tattoos\/","title":{"rendered":"Tattoos"},"content":{"rendered":"\n<div class=\"wp-block-media-text has-media-on-the-right is-stacked-on-mobile is-vertically-aligned-top\" style=\"grid-template-columns:auto 37%\"><div class=\"wp-block-media-text__content\">\n<p>Je tatoue \u00e0 Hossegor chez Concrete Jungle, en noir et blanc uniquement.<\/p>\n\n\n\n<p>Le tatouage est pour moi une extension directe de mon travail de gravure et de dessin : un autre m\u00e9dium, une autre surface, la m\u00eame attention port\u00e9e au sens, au geste et au temps.<\/p>\n\n\n\n<p>Je propose des flashs tattoos, dessin\u00e9s et r\u00e9alis\u00e9s une seule fois, visibles sur mon Instagram en story \u00e0 la une.<\/p>\n\n\n\n<p>Je r\u00e9alise surtout des projets personnalis\u00e9s. Les rendez-vous se prennent par message priv\u00e9 sur <a href=\"https:\/\/www.instagram.com\/fantaisie.noire\/\">Instagram<\/a> ou <a href=\"https:\/\/fantaisienoire.fr\/index.php\/contact\/\" data-type=\"page\" data-id=\"26\">Contact<\/a><\/p>\n\n\n\n<p><\/p>\n<\/div><figure class=\"wp-block-media-text__media\"><img loading=\"lazy\" decoding=\"async\" width=\"768\" height=\"1024\" src=\"http:\/\/dev.fantaisienoire.fr\/wp-content\/uploads\/2026\/02\/tatouage-miroir_caroline-martinet-au-travail_2026-768x1024.jpg\" alt=\"Tatouage au miroir \u2014 L\u2019artiste au travail\" class=\"wp-image-61 size-full\" srcset=\"https:\/\/fantaisienoire.fr\/wp-content\/uploads\/2026\/02\/tatouage-miroir_caroline-martinet-au-travail_2026-768x1024.jpg 768w, https:\/\/fantaisienoire.fr\/wp-content\/uploads\/2026\/02\/tatouage-miroir_caroline-martinet-au-travail_2026-225x300.jpg 225w, https:\/\/fantaisienoire.fr\/wp-content\/uploads\/2026\/02\/tatouage-miroir_caroline-martinet-au-travail_2026-1152x1536.jpg 1152w, https:\/\/fantaisienoire.fr\/wp-content\/uploads\/2026\/02\/tatouage-miroir_caroline-martinet-au-travail_2026-1320x1760.jpg 1320w, https:\/\/fantaisienoire.fr\/wp-content\/uploads\/2026\/02\/tatouage-miroir_caroline-martinet-au-travail_2026.jpg 1500w\" sizes=\"auto, (max-width: 768px) 100vw, 768px\" \/><\/figure><\/div>\n\n\n\n<p><\/p>\n","protected":false},"excerpt":{"rendered":"<p>Je tatoue \u00e0 Hossegor chez Concrete Jungle, en noir et blanc uniquement. Le tatouage est pour moi une extension directe [&hellip;]<\/p>\n","protected":false},"author":1,"featured_media":0,"parent":0,"menu_order":0,"comment_status":"closed","ping_status":"closed","template":"","meta":{"_seopress_robots_primary_cat":"","_seopress_titles_title":"Tatoueuse \u00e0 Hossegor - Tatouage noir et linotattoo- Fantaisie Nore","_seopress_titles_desc":"Tatoueuse \u00e0 Hossegor sp\u00e9cialis\u00e9e en tatouage noir et linotattoo. Cr\u00e9ations originales et projets personnalis\u00e9s, sur rendez-vous","_seopress_robots_index":"","site-sidebar-layout":"default","site-content-layout":"","ast-site-content-layout":"default","site-content-style":"default","site-sidebar-style":"default","ast-global-header-display":"","ast-banner-title-visibility":"","ast-main-header-display":"","ast-hfb-above-header-display":"","ast-hfb-below-header-display":"","ast-hfb-mobile-header-display":"","site-post-title":"","ast-breadcrumbs-content":"","ast-featured-img":"","footer-sml-layout":"","ast-disable-related-posts":"","theme-transparent-header-meta":"","adv-header-id-meta":"","stick-header-meta":"","header-above-stick-meta":"","header-main-stick-meta":"","header-below-stick-meta":"","astra-migrate-meta-layouts":"default","ast-page-background-enabled":"default","ast-page-background-meta":{"desktop":{"background-color":"var(--ast-global-color-5)","background-image":"","background-repeat":"repeat","background-position":"center center","background-size":"auto","background-attachment":"scroll","background-type":"","background-media":"","overlay-type":"","overlay-color":"","overlay-opacity":"","overlay-gradient":""},"tablet":{"background-color":"","background-image":"","background-repeat":"repeat","background-position":"center center","background-size":"auto","background-attachment":"scroll","background-type":"","background-media":"","overlay-type":"","overlay-color":"","overlay-opacity":"","overlay-gradient":""},"mobile":{"background-color":"","background-image":"","background-repeat":"repeat","background-position":"center center","background-size":"auto","background-attachment":"scroll","background-type":"","background-media":"","overlay-type":"","overlay-color":"","overlay-opacity":"","overlay-gradient":""}},"ast-content-background-meta":{"desktop":{"background-color":"var(--ast-global-color-4)","background-image":"","background-repeat":"repeat","background-position":"center center","background-size":"auto","background-attachment":"scroll","background-type":"","background-media":"","overlay-type":"","overlay-color":"","overlay-opacity":"","overlay-gradient":""},"tablet":{"background-color":"var(--ast-global-color-4)","background-image":"","background-repeat":"repeat","background-position":"center center","background-size":"auto","background-attachment":"scroll","background-type":"","background-media":"","overlay-type":"","overlay-color":"","overlay-opacity":"","overlay-gradient":""},"mobile":{"background-color":"var(--ast-global-color-4)","background-image":"","background-repeat":"repeat","background-position":"center center","background-size":"auto","background-attachment":"scroll","background-type":"","background-media":"","overlay-type":"","overlay-color":"","overlay-opacity":"","overlay-gradient":""}},"footnotes":""},"class_list":["post-14","page","type-page","status-publish","hentry"],"_links":{"self":[{"href":"https:\/\/fantaisienoire.fr\/index.php\/wp-json\/wp\/v2\/pages\/14","targetHints":{"allow":["GET"]}}],"collection":[{"href":"https:\/\/fantaisienoire.fr\/index.php\/wp-json\/wp\/v2\/pages"}],"about":[{"href":"https:\/\/fantaisienoire.fr\/index.php\/wp-json\/wp\/v2\/types\/page"}],"author":[{"embeddable":true,"href":"https:\/\/fantaisienoire.fr\/index.php\/wp-json\/wp\/v2\/users\/1"}],"replies":[{"embeddable":true,"href":"https:\/\/fantaisienoire.fr\/index.php\/wp-json\/wp\/v2\/comments?post=14"}],"version-history":[{"count":6,"href":"https:\/\/fantaisienoire.fr\/index.php\/wp-json\/wp\/v2\/pages\/14\/revisions"}],"predecessor-version":[{"id":146,"href":"https:\/\/fantaisienoire.fr\/index.php\/wp-json\/wp\/v2\/pages\/14\/revisions\/146"}],"wp:attachment":[{"href":"https:\/\/fantaisienoire.fr\/index.php\/wp-json\/wp\/v2\/media?parent=14"}],"curies":[{"name":"wp","href":"https:\/\/api.w.org\/{rel}","templated":true}]}}